{"id":10397,"date":"2024-02-05T15:41:16","date_gmt":"2024-02-05T15:41:16","guid":{"rendered":"https:\/\/nueva.infosyst.com.mx\/?page_id=10397"},"modified":"2025-06-07T22:27:13","modified_gmt":"2025-06-07T22:27:13","slug":"privacidad","status":"publish","type":"page","link":"https:\/\/infosyst.com.mx\/en\/privacidad","title":{"rendered":"Privacy Policy"},"content":{"rendered":"<div data-elementor-type=\"wp-page\" data-elementor-id=\"10397\" class=\"elementor elementor-10397\" data-elementor-post-type=\"page\">\n\t\t\t\t\t\t\t        <section class=\"elementor-section elementor-top-section elementor-element elementor-element-da95720 elementor-section-stretched elementor-section-boxed elementor-section-height-default elementor-section-height-default ct-header-fixed-none ct-column-none ct-row-scroll-none ct-row-gradient--none\" data-id=\"da95720\" data-element_type=\"section\" data-settings=\"{&quot;stretch_section&quot;:&quot;section-stretched&quot;,&quot;background_background&quot;:&quot;classic&quot;}\">\n            \n                        <div class=\"elementor-container elementor-column-gap-extended\">\n                    <div class=\"elementor-column elementor-col-100 elementor-top-column elementor-element elementor-element-8b07534 ct-column-none col-offset-none col-color-offset-none\" data-id=\"8b07534\" data-element_type=\"column\">\n            <div class=\"elementor-widget-wrap elementor-element-populated\">\n                                <section class=\"elementor-section elementor-inner-section elementor-element elementor-element-f87ca35 elementor-section-boxed elementor-section-height-default elementor-section-height-default ct-header-fixed-none ct-column-none ct-row-scroll-none ct-row-gradient--none\" data-id=\"f87ca35\" data-element_type=\"section\">\n            \n                        <div class=\"elementor-container elementor-column-gap-extended\">\n                    <div class=\"elementor-column elementor-col-33 elementor-inner-column elementor-element elementor-element-2812e6b ct-column-none col-offset-none col-color-offset-none\" data-id=\"2812e6b\" data-element_type=\"column\">\n            <div class=\"elementor-widget-wrap\">\n                                    <\/div>\n        <\/div>\n                <div class=\"elementor-column elementor-col-33 elementor-inner-column elementor-element elementor-element-ba6d02d ct-column-none col-offset-none col-color-offset-none\" data-id=\"ba6d02d\" data-element_type=\"column\">\n            <div class=\"elementor-widget-wrap elementor-element-populated\">\n                        \t\t<div class=\"elementor-element elementor-element-6441d1e elementor-widget elementor-widget-ct_heading\" data-id=\"6441d1e\" data-element_type=\"widget\" data-widget_type=\"ct_heading.default\">\n\t\t\t\t<div class=\"elementor-widget-container\">\n\t\t\t<div id=\"ct_heading-6441d1e\" class=\"ct-heading h-align-center item-st-default highlight-style1\">\r\n  <div class=\"ct-heading--inner\"> \r\n    <div class=\"ct-inline-css\"  data-css=\"                            #ct_heading-6441d1e.ct-heading .item--sub-title span {                background-image: -webkit-gradient(linear, left top, left bottom, from(#071F60), to(#1475F7));                background-image: -webkit-linear-gradient(to left, #071F60, #1475F7);                background-image: -moz-linear-gradient(to left, #071F60, #1475F7);                background-image: -ms-linear-gradient(to left, #071F60, #1475F7);                background-image: -o-linear-gradient(to left, #071F60, #1475F7);                background-image: linear-gradient(to left, #071F60, #1475F7);                filter: progid:DXImageTransform.Microsoft.gradient(startColorStr='#071F60', endColorStr='#1475F7');                background-color: transparent;                background-clip: text;                -o-background-clip: text;                -ms-background-clip: text;                -moz-background-clip: text;                -webkit-background-clip: text;                text-fill-color: transparent;                -o-text-fill-color: transparent;                -ms-text-fill-color: transparent;                -moz-text-fill-color: transparent;                -webkit-text-fill-color: transparent;            }                        \">\r\n    <\/div>\r\n      <div class=\"item--text-below\">\r\n      <div class=\"ct-inline-css\"  data-css=\"        \">\r\n      <\/div>\r\n          <\/div>\r\n  \r\n\t\t\t<div class=\"item--sub-title style-box-gr wow fadeInUp\" data-wow-delay=\"ms\">\r\n                        <span>\r\n                 INFOSYST             <\/span>\r\n                    <\/div>\r\n\t    <h3 class=\"item--title st-default wow fadeInUp\" data-wow-delay=\"ms\">\r\n        <span class=\"ct-text-inner\">Notice of Privacy\n<\/span>    <\/h3>\r\n  <\/div>\r\n<\/div>\r\n\t\t<\/div>\n\t\t\t\t<\/div>\n\t\t            <\/div>\n        <\/div>\n                <div class=\"elementor-column elementor-col-33 elementor-inner-column elementor-element elementor-element-f417185 ct-column-none col-offset-none col-color-offset-none\" data-id=\"f417185\" data-element_type=\"column\">\n            <div class=\"elementor-widget-wrap\">\n                                    <\/div>\n        <\/div>\n                            <\/div>\n        <\/section>\n                    <\/div>\n        <\/div>\n                            <\/div>\n        <\/section>\n                <section class=\"elementor-section elementor-top-section elementor-element elementor-element-72f46ea elementor-section-boxed elementor-section-height-default elementor-section-height-default ct-header-fixed-none ct-column-none ct-row-scroll-none ct-row-gradient--none\" data-id=\"72f46ea\" data-element_type=\"section\">\n            \n                        <div class=\"elementor-container elementor-column-gap-default\">\n                    <div class=\"elementor-column elementor-col-100 elementor-top-column elementor-element elementor-element-855ea4d ct-column-none col-offset-none col-color-offset-none\" data-id=\"855ea4d\" data-element_type=\"column\">\n            <div class=\"elementor-widget-wrap elementor-element-populated\">\n                        \t\t<div class=\"elementor-element elementor-element-7518968 elementor-widget elementor-widget-text-editor\" data-id=\"7518968\" data-element_type=\"widget\" data-widget_type=\"text-editor.default\">\n\t\t\t\t<div class=\"elementor-widget-container\">\n\t\t\t<style>\/*! elementor - v3.18.0 - 20-12-2023 *\/\n.elementor-widget-text-editor.elementor-drop-cap-view-stacked .elementor-drop-cap{background-color:#69727d;color:#fff}.elementor-widget-text-editor.elementor-drop-cap-view-framed .elementor-drop-cap{color:#69727d;border:3px solid;background-color:transparent}.elementor-widget-text-editor:not(.elementor-drop-cap-view-default) .elementor-drop-cap{margin-top:8px}.elementor-widget-text-editor:not(.elementor-drop-cap-view-default) .elementor-drop-cap-letter{width:1em;height:1em}.elementor-widget-text-editor .elementor-drop-cap{float:left;text-align:center;line-height:1;font-size:50px}.elementor-widget-text-editor .elementor-drop-cap-letter{display:inline-block}<\/style>\t\t\t\t<h6>I. IDENTIFICATION OF THE RESPONSIBLE<\/h6>\n<p>Infosyst de M\u00e9xico S.A de CV, hace de su conocimiento que sus datos personales recabados, que se recaben o se generen con motivo de la relaci\u00f3n jur\u00eddica que se tenga celebrada, o que en su caso, se celebre, se verificar\u00e1 tratamiento sobre los mismos de acuerdo con las siguientes categor\u00edas:<\/p>\n<h6>II. PERSONAL DATA COLLECTED<\/h6>\n<h6 class=\"color-bluelavender\">CATEGORIES OF PERSONAL DATA:<\/h6>\n<ul>\n<li>Asset and financial data.<\/li>\n<li>Identification data.<\/li>\n<li>Physical, fingerprint, calligraphic, ocular and biometric image data.<\/li>\n<li>Employment data, occupation and hobbies.<\/li>\n<li>Academic data.<\/li>\n<li>Transit and immigration data.<\/li>\n<li>Data on administrative procedures followed in the form of trials and\/or jurisdictional procedures.<\/li>\n<\/ul>\n<h6 class=\"color-bluelavender\">CATEGORIES OF SENSITIVE PERSONAL DATA:<\/h6>\n<ul>\n<li>Health data.<\/li>\n<li>Physical characteristics.<\/li>\n<li>Personal habits.<\/li>\n<\/ul>\n<h6>III. MEANS OF OBTAINING PERSONAL DATA<\/h6>\n<p>The Data indicated according to the Categories and subcategories mentioned above, are obtained:<\/p>\n<ol>\n<li>Directly, through any of our offices and\/or branches through officials and employees authorized to do so, through remote means, whether electronic or physical, through our website, email address or our contact center. telephone.<\/li>\n<li>Indirectly, through transfers that are made through authorized natural or legal persons, through a publicly accessible source, and in general, that have been obtained by virtue of having been generated due to the legal relationship that we have entered into. , or that, if applicable, is celebrated.<\/li>\n<\/ol>\n<h6>IV. PURPOSES<\/h6>\n<p>Likewise, the aforementioned Personal Data will be processed for all purposes linked to the aforementioned legal relationship and the obligations derived from it. Additionally and specifically, depending on the type of owner, the purposes will also be:<\/p>\n<p>Visitantes en general, por razones de seguridad y vigilancia:&nbsp;Cuando sea necesario para protecci\u00f3n de los bienes muebles e inmuebles donde reside el domicilio y las oficinas del responsable, as\u00ed como para proteger tambi\u00e9n a las personas y sus pertenencias, cuando acceden a dichas oficinas.<\/p>\n<p>Recursos Humanos&nbsp;(Candidatos, empleados y ex empleados) Se utilizar\u00e1n para todos los fines vinculados con la relaci\u00f3n laboral, en especial para selecci\u00f3n, para verificar referencias de empleos anteriores, reclutamiento, bolsa de trabajo, capacitaci\u00f3n, evaluaci\u00f3n y medici\u00f3n de habilidades y competencias, as\u00ed como definici\u00f3n de acciones de desarrollo, y el pago de prestaciones laborales.<\/p>\n<p>Clientes&nbsp;(Proponentes, contratantes, asegurados, beneficiarios y proveedores de recursos). Se utilizar\u00e1n para todos los fines relacionados con el cumplimiento de nuestras obligaciones de conformidad con lo establecido en la Ley sobre el Contrato de Seguro, para evaluar su solicitud de seguro, suscripci\u00f3n, emisi\u00f3n, tramitaci\u00f3n, investigaci\u00f3n, verificaci\u00f3n, validaci\u00f3n y confirmaci\u00f3n de los datos para la cotizaci\u00f3n y ofrecimiento de programas de aseguramiento previamente solicitados; del mismo modo, dar tr\u00e1mite a sus reclamaciones de siniestros derivados de dichos programas; cobrar, administrar, mantener o renovar la p\u00f3liza de seguro, para estudios estad\u00edsticos, cuyo tratamiento podr\u00e1 ser de manera indistinta mediante sus propios medios y recursos; as\u00ed como, remisi\u00f3n de dichos datos a otras Instituciones de Seguros o encargados, con el fin de que est\u00e9n en posibilidad de evaluar el riesgo de cualquier propuesta de aseguramiento o bien calificar la procedencia del beneficio solicitado en caso de siniestro, o cualquier derecho sobre el servicio contratado.<\/p>\n<h6>V. SECONDARY PURPOSES OF THE TREATMENT<\/h6>\n<p>Likewise, the data collected will have purposes that do not give rise to the legal relationship \"Secondary Purposes\"), which are made up of: the offer and promotion of goods, products and services, as well as commercial prospecting, in which case said data will be deemed accepted. treatment until you proceed to inform us otherwise through the revocation of consent.<\/p>\n<p>If you do not agree to the processing of your data for secondary purposes, you may express your refusal by following any of the following mechanisms:<\/p>\n<ul>\n<li>If you provide your data personally; in your own handwriting, indicating in the format provided at that time, that you do not agree to said treatment.<\/li>\n<li>If you provide your data directly, following the mechanisms indicated in the contact methods themselves.<\/li>\n<li>If you provide your data indirectly, through the email&nbsp;<a class=\"link-dark\" href=\"mailto:privacidad@infosyst.mx\">privacidad@infosyst.mx<\/a>&nbsp;through which you have five days from the consultation of this notice, so that, if applicable, the owner expresses his or her refusal to process the data. or the aforementioned Secondary Purposes, leaving aside the exercise of your rights of access, rectification, cancellation and opposition, providing the information requested in section VII of this notice.<\/li>\n<\/ul>\n<h6>VI. SAW. TRANSFERS OF PERSONAL DATA<\/h6>\n<p>Likewise, you acknowledge the transfer of your data that may be carried out, if applicable: to entities that are directly or indirectly part of Infosyst SA de CV, its subsidiaries and affiliates; as well as to people and entities other than the above, of those data that derive from the legal relationship and that are necessary or give rise to it, specifically that are part of the following sectors:<\/p>\n<h6 class=\"color-bluelavender\">A) Private Entities:<\/h6>\n<p>A.1&nbsp;Financieras, Aseguradoras, Afianzadoras, profesionales m\u00e9dicos, hospitales, laboratorios, farmacias, empresas de asistencia y asesor\u00eda jur\u00eddica; asociaciones gremiales y de fines estad\u00edsticos, cuya finalidad consiste en dar cabal cumplimiento a los servicios contratados por los clientes, as\u00ed como seleccionar los riesgos o bien verificar la procedencia de una reclamaci\u00f3n derivada de un siniestro.<\/p>\n<h6 class=\"color-bluelavender\">B) Public Sector Entities:<\/h6>\n<p>B.1&nbsp;Autoridades financieras, mexicanas y extranjeras, con la finalidad de dar cumplimiento a nuestras obligaciones derivadas de leyes o tratados internacionales como instituci\u00f3n de seguros, obligaciones tributarias, as\u00ed como para el cumplimiento de notificaciones o requerimientos oficiales.<\/p>\n<p>B.2&nbsp;Autoridades judiciales, mexicanas y extranjeras, con la finalidad de dar cumplimiento a notificaciones, requerimientos u oficios de car\u00e1cter judicial; IMSS, con la finalidad de dar cumplimiento a obligaciones contenidas en la legislaci\u00f3n de seguridad social.<\/p>\n<p>Likewise, you acknowledge that, under no circumstances or circumstances, your sensitive, patrimonial or financial data, which do not derive from the legal relationship or which are not necessary or do not give rise to it, are shared. In addition to the above, in the event that treatment is required for one or more Secondary Purposes not reported in this Notice, the same will be communicated to you by modifying the privacy notice herein, which will be placed at your disposal. available again in the appropriate time and manner.<\/p>\n<p>Non-public personal information delivered in our capacity as Controller is treated with due confidentiality and will not be sold or transferred to third parties.<\/p>\n<p>If any transfer is made that requires your express consent, it will be obtained.<\/p>\n<h6>VII. REQUEST FOR ACCESS, RECTIFICATION, CANCELLATION OR OPPOSITION OF PERSONAL DATA (ARCO RIGHTS) AND REVOCATION OF CONSENT.<\/h6>\n<p>The exercise of the rights of access, rectification, cancellation, opposition, and revocation of consent must be done in writing at the address mentioned in section I of this notice or, where appropriate, through the email address privacy@infosyst .com.mx, which is attended and managed by the Information Security area. You may proceed as indicated in the previous paragraph, through the following procedure:<\/p>\n<h6 class=\"color-bluelavender\">1) Requirements:<\/h6>\n<ol>\n<li>Full name of the Owner.<\/li>\n<li>Copy of document that proves your identity (valid voter ID, Passport, FM3), which you must attach to the application email.<\/li>\n<li>Means to provide you with the response (home address or other means).<\/li>\n<li>Clear and precise description of the personal data with respect to which you seek to exercise your ARCO rights.<\/li>\n<li>ARCO right to exercise and detailed description of the request.<\/li>\n<\/ol>\n<h6 class=\"color-bluelavender\">2) Deadlines:<\/h6>\n<ol>\n<li>You will be informed within a maximum of 5 business days after receiving the acceptance or denial of your request.<\/li>\n<li>A response to your request will be provided within a maximum of 20 business days after receipt.<\/li>\n<li>You will have a maximum of 5 business days after receiving a response to your request to cancel it.<\/li>\n<\/ol>\n<h6 class=\"color-bluelavender\">3) Means of Response:<\/h6>\n<ol>\n<li>For rights of Rectification, Cancellation or Opposition\n<ol>\n<li>By email.<\/li>\n<li>By mail to an address you provide us.<\/li>\n<\/ol>\n<\/li>\n<li>For Access rights:\n<ol>\n<li>Physical delivery at commercial office upon identification of the Owner.<\/li>\n<\/ol>\n<\/li>\n<\/ol>\n<p>For your part, you can revoke consent by the following:<\/p>\n<h6 class=\"color-bluelavender\">1) Requirements:<\/h6>\n<ol>\n<li>Full name of the Owner.<\/li>\n<li>Copy of document that proves your identity (valid voter ID, Passport, FM3), which you must attach to the application email.<\/li>\n<li>Means to provide you with the response (home address or other means).<\/li>\n<li>Clear and precise description of the personal data with respect to which you seek to exercise revocation.<\/li>\n<\/ol>\n<h6 class=\"color-bluelavender\">2) Deadlines:<\/h6>\n<ol>\n<li>You will be informed no later than 5 days after receiving the acceptance or denial of your request.<\/li>\n<li>A response to your request will be provided within a maximum of 20 days after receipt.<\/li>\n<li>You will have a maximum of 5 days after receiving a response to your request to cancel it.<\/li>\n<\/ol>\n<h6 class=\"color-bluelavender\">3) Means of Response:<\/h6>\n<ol>\n<li>By email.<\/li>\n<li>By mail to an address you provide us.<\/li>\n<\/ol>\n<h6>VIII. OPTIONS TO LIMIT THE USE OR DISCLOSURE OF YOUR PERSONAL DATA.<\/h6>\n<p>To limit the use and disclosure of your data, we will maintain policies, procedures and controls for the security and confidentiality of the information, which can be consulted on the page&nbsp;<a class=\"link-dark\" href=\"https:\/\/infosyst.com.mx\/en\/privacidad\/\">www.infosyst.com.mx\/privacidad<\/a><\/p>\n<p>Likewise, independently of the procedures for the exercise of the rights of access, rectification, cancellation and opposition, as well as the revocation of consent, you may limit the use and disclosure of your personal data, by registering your data in the Registry. Public of Users of Financial Services referred to in the Law for the Protection and Defense of Users of Financial Services, whose access link we put at your disposal&nbsp;<a class=\"link-dark\" href=\"http:\/\/www.condusef.gob.mx\/\">www.condusef.gob.mx<\/a><\/p>\n<p>Regarding the use of so-called \"cookies\", \"web beacons\" or other similar technologies, which through remote or local means, electronic, optical communication or other technology, which allow the collection of your personal data automatically and simultaneously At the time when you as the owner make contact with the indicated media, you are categorically informed that they are completely disabled in those media in which Infosyst SA de CV makes contact with you.<\/p>\n<p>Likewise, the contracts with our internet providers establish a prohibition on the use of said technology to collect data automatically, as indicated in the previous paragraph.<\/p>\n<h6>IX. MODIFICATIONS TO THE PRIVACY NOTICE<\/h6>\n<p>This Notice, as well as its modifications, will be available to you on the page&nbsp;<a class=\"link-dark\" href=\"https:\/\/infosyst.com.mx\/en\/privacidad\/\">www.infosyst.com.mx\/privacidad<\/a>through communications posted in our offices and branches or informed through any means of communication that we have with you.<\/p>\n<p>Finalmente, para el caso de haber proporcionado datos personales, sensibles, patrimoniales o financieros de otros titulares a trav\u00e9s de su conducto, del mismo modo usted acepta y reconoce la obligaci\u00f3n de hacerles de su conocimiento el presente Aviso de Privacidad a dichos titulares o bien indicar los lugares en donde se encuentra a su disposici\u00f3n el referido aviso, as\u00ed como de informarles que ha proporcionado tales datos a Infosyst. En caso de ser aplicable, igualmente usted acepta y reconoce que estar\u00e1 obligado a proporcionar su propio aviso.<\/p>\t\t\t\t\t\t<\/div>\n\t\t\t\t<\/div>\n\t\t            <\/div>\n        <\/div>\n                            <\/div>\n        <\/section>\n        \t\t\t\t\t<\/div>","protected":false},"excerpt":{"rendered":"<p>INFOSYST Aviso De Privacidad I. IDENTIFICACI\u00d3N DEL RESPONSABLE Infosyst de M\u00e9xico S.A de CV, hace de su conocimiento que sus datos personales recabados, que se recaben o se generen con motivo de la relaci\u00f3n jur\u00eddica que se tenga celebrada, o que en su caso, se celebre, se verificar\u00e1 tratamiento sobre los mismos de acuerdo con [&hellip;]<\/p>","protected":false},"author":1,"featured_media":0,"parent":0,"menu_order":0,"comment_status":"closed","ping_status":"closed","template":"elementor_header_footer","meta":{"footnotes":""},"class_list":["post-10397","page","type-page","status-publish","hentry"],"_links":{"self":[{"href":"https:\/\/infosyst.com.mx\/en\/wp-json\/wp\/v2\/pages\/10397","targetHints":{"allow":["GET"]}}],"collection":[{"href":"https:\/\/infosyst.com.mx\/en\/wp-json\/wp\/v2\/pages"}],"about":[{"href":"https:\/\/infosyst.com.mx\/en\/wp-json\/wp\/v2\/types\/page"}],"author":[{"embeddable":true,"href":"https:\/\/infosyst.com.mx\/en\/wp-json\/wp\/v2\/users\/1"}],"replies":[{"embeddable":true,"href":"https:\/\/infosyst.com.mx\/en\/wp-json\/wp\/v2\/comments?post=10397"}],"version-history":[{"count":55,"href":"https:\/\/infosyst.com.mx\/en\/wp-json\/wp\/v2\/pages\/10397\/revisions"}],"predecessor-version":[{"id":10574,"href":"https:\/\/infosyst.com.mx\/en\/wp-json\/wp\/v2\/pages\/10397\/revisions\/10574"}],"wp:attachment":[{"href":"https:\/\/infosyst.com.mx\/en\/wp-json\/wp\/v2\/media?parent=10397"}],"curies":[{"name":"wp","href":"https:\/\/api.w.org\/{rel}","templated":true}]}}